{"id":2458,"date":"2024-04-24T12:08:27","date_gmt":"2024-04-24T12:08:27","guid":{"rendered":"http:\/\/192.168.0.134:10036\/?page_id=2458"},"modified":"2024-04-24T12:08:27","modified_gmt":"2024-04-24T12:08:27","slug":"contact","status":"publish","type":"page","link":"https:\/\/www.tracubus.com\/?page_id=2458","title":{"rendered":"Contact"},"content":{"rendered":"\t\t<div data-elementor-type=\"wp-page\" data-elementor-id=\"2458\" class=\"elementor elementor-2458\">\n\t\t\t\t<div class=\"no-position rs-sticky-default  elementor-element elementor-element-975fb54 e-flex e-con-boxed e-con e-parent\" data-id=\"975fb54\" data-element_type=\"container\">\n\t\t\t\t\t<div class=\"e-con-inner\">\n\t\t<div class=\"no-position rs-sticky-default  elementor-element elementor-element-538cc64 e-con-full e-flex e-con e-child\" data-id=\"538cc64\" data-element_type=\"container\">\n\t\t<div class=\"no-position rs-sticky-default  elementor-element elementor-element-a0c3c29 e-con-full e-flex e-con e-child\" data-id=\"a0c3c29\" data-element_type=\"container\">\n\t\t\t\t<div class=\"elementor-element elementor-element-4bfb66a elementor-widget elementor-widget-rs-heading\" data-id=\"4bfb66a\" data-element_type=\"widget\" data-widget_type=\"rs-heading.default\">\n\t\t\t\t<div class=\"elementor-widget-container\">\n\t\t\t\n\t\t<div class=\"prelements-heading style1   subtitle-gradient-no\">\n\t\t\t<div class=\"title-inner\">\n\t\t\t\t<h2 class=\"title rs-split-text-disable \">Get in touch with us!<\/h2>\n\t\t\t<\/div>\n\t\t\t\t\t\t\t<div class=\"description\">\n\t\t\t\t\tThere are many variations of passages of Lorem Ipsum available, but the majority have suffered.\t\t\t\t<\/div>\n\t\t\t\t\t<\/div>\n\t\t<\/div>\n\t\t\t\t<\/div>\n\t\t\t\t<div class=\"elementor-element elementor-element-17ac17f elementor-widget elementor-widget-rs-contact-box\" data-id=\"17ac17f\" data-element_type=\"widget\" data-widget_type=\"rs-contact-box.default\">\n\t\t\t\t<div class=\"elementor-widget-container\">\n\t\t\t\t\t\r\n\t\t\r\n\r\n\t\t<!-- Style 1 Start -->\r\n\t\t<div class=\"rs-contact-box\">\r\n\r\n\t\t\t\t\t\t<div class=\"address-item boxstyle1\">\r\n\r\n\t\t\t\t\t\t\t            <div class=\"address-icon icon_1 elementor-repeater-item-82a4a4d\">\r\n\t\t            \t\t\t            <\/div>\r\n\t\t            \r\n\t\t            <div class=\"address-text\">\r\n\t\t            \t\t\t            \t<div class=\"text\">\r\n\t\t            \t\t\t\t            \t\t\t<span class=\"label\">Opening Hour<\/span>\r\n\t\t            \t\t\t\t\t\t\t\t\t\t\t\t\t\t\t\t\t\t\t\t\t\t\t\t\t\t\t<span class=\"des\">\r\n\t\t\t\t\t\t\t\t\t\tMon - Sat 10.00 - 18.00 \/ Friday - Closed\t\t\t\t\t\t\t\t\t<\/span>\r\n\t\t\t\t\t\t\t\t\t\t\t\t\t\t\t\t\t\t\t\t\t            <\/div>\r\n\t\t\t       \t\t\t\t\t\t\t\t   \r\n\t\t            \t\t\t\t\t\t\t   \r\n\r\n\t\t            \t\t\t\t\t\t\t   \r\n\t\t            <\/div>\r\n\t\t\t\t\t<span class=\"des-right-icon\"><\/span>\r\n\t\t        <\/div>\r\n\t\t\t\t\t<\/div>\r\n\r\n\t<!-- Style 1 End -->\t\r\n\t\t\r\n\t\t\t<\/div>\n\t\t\t\t<\/div>\n\t\t\t\t<div class=\"elementor-element elementor-element-7fb6004 elementor-widget elementor-widget-rs-social-icons\" data-id=\"7fb6004\" data-element_type=\"widget\" data-widget_type=\"rs-social-icons.default\">\n\t\t\t\t<div class=\"elementor-widget-container\">\n\t\t\t\r\n\t\t<div class=\"rs-social-menu style1 rs-social-sticky-diable\">\r\n\t\t\t\t\t\t<ul>\r\n\t\t\t\t\t\t\t<li><a href=\"#\">\r\n\t\t\t\t<svg aria-hidden=\"true\" class=\"e-font-icon-svg e-fab-x-twitter\" viewBox=\"0 0 512 512\" xmlns=\"http:\/\/www.w3.org\/2000\/svg\"><path d=\"M389.2 48h70.6L305.6 224.2 487 464H345L233.7 318.6 106.5 464H35.8L200.7 275.5 26.8 48H172.4L272.9 180.9 389.2 48zM364.4 421.8h39.1L151.1 88h-42L364.4 421.8z\"><\/path><\/svg>\t\t\t\t<span class=\"social-hover-text\"><\/span>\r\n\t\t\t\t<\/a>\r\n\t\t\t\t<\/li>\r\n\t\t\t\t\t\t\t\t<li><a href=\"#\">\r\n\t\t\t\t<svg aria-hidden=\"true\" class=\"e-font-icon-svg e-fab-instagram\" viewBox=\"0 0 448 512\" xmlns=\"http:\/\/www.w3.org\/2000\/svg\"><path d=\"M224.1 141c-63.6 0-114.9 51.3-114.9 114.9s51.3 114.9 114.9 114.9S339 319.5 339 255.9 287.7 141 224.1 141zm0 189.6c-41.1 0-74.7-33.5-74.7-74.7s33.5-74.7 74.7-74.7 74.7 33.5 74.7 74.7-33.6 74.7-74.7 74.7zm146.4-194.3c0 14.9-12 26.8-26.8 26.8-14.9 0-26.8-12-26.8-26.8s12-26.8 26.8-26.8 26.8 12 26.8 26.8zm76.1 27.2c-1.7-35.9-9.9-67.7-36.2-93.9-26.2-26.2-58-34.4-93.9-36.2-37-2.1-147.9-2.1-184.9 0-35.8 1.7-67.6 9.9-93.9 36.1s-34.4 58-36.2 93.9c-2.1 37-2.1 147.9 0 184.9 1.7 35.9 9.9 67.7 36.2 93.9s58 34.4 93.9 36.2c37 2.1 147.9 2.1 184.9 0 35.9-1.7 67.7-9.9 93.9-36.2 26.2-26.2 34.4-58 36.2-93.9 2.1-37 2.1-147.8 0-184.8zM398.8 388c-7.8 19.6-22.9 34.7-42.6 42.6-29.5 11.7-99.5 9-132.1 9s-102.7 2.6-132.1-9c-19.6-7.8-34.7-22.9-42.6-42.6-11.7-29.5-9-99.5-9-132.1s-2.6-102.7 9-132.1c7.8-19.6 22.9-34.7 42.6-42.6 29.5-11.7 99.5-9 132.1-9s102.7-2.6 132.1 9c19.6 7.8 34.7 22.9 42.6 42.6 11.7 29.5 9 99.5 9 132.1s2.7 102.7-9 132.1z\"><\/path><\/svg>\t\t\t\t<span class=\"social-hover-text\"><\/span>\r\n\t\t\t\t<\/a>\r\n\t\t\t\t<\/li>\r\n\t\t\t\t\t\t\t\t<li><a href=\"#\">\r\n\t\t\t\t<svg aria-hidden=\"true\" class=\"e-font-icon-svg e-fab-facebook-f\" viewBox=\"0 0 320 512\" xmlns=\"http:\/\/www.w3.org\/2000\/svg\"><path d=\"M279.14 288l14.22-92.66h-88.91v-60.13c0-25.35 12.42-50.06 52.24-50.06h40.42V6.26S260.43 0 225.36 0c-73.22 0-121.08 44.38-121.08 124.72v70.62H22.89V288h81.39v224h100.17V288z\"><\/path><\/svg>\t\t\t\t<span class=\"social-hover-text\"><\/span>\r\n\t\t\t\t<\/a>\r\n\t\t\t\t<\/li>\r\n\t\t\t\t\t\t\t\t<li><a href=\"#\">\r\n\t\t\t\t<svg aria-hidden=\"true\" class=\"e-font-icon-svg e-fab-linkedin-in\" viewBox=\"0 0 448 512\" xmlns=\"http:\/\/www.w3.org\/2000\/svg\"><path d=\"M100.28 448H7.4V148.9h92.88zM53.79 108.1C24.09 108.1 0 83.5 0 53.8a53.79 53.79 0 0 1 107.58 0c0 29.7-24.1 54.3-53.79 54.3zM447.9 448h-92.68V302.4c0-34.7-.7-79.2-48.29-79.2-48.29 0-55.69 37.7-55.69 76.7V448h-92.78V148.9h89.08v40.8h1.3c12.4-23.5 42.69-48.3 87.88-48.3 94 0 111.28 61.9 111.28 142.3V448z\"><\/path><\/svg>\t\t\t\t<span class=\"social-hover-text\"><\/span>\r\n\t\t\t\t<\/a>\r\n\t\t\t\t<\/li>\r\n\t\t\t\t\t\t\t<\/ul>\r\n\t\t<\/div>\r\n\r\n\r\n\t\t<\/div>\n\t\t\t\t<\/div>\n\t\t\t\t<\/div>\n\t\t<div class=\"no-position rs-sticky-default  elementor-element elementor-element-fd69944 e-con-full e-flex e-con e-child\" data-id=\"fd69944\" data-element_type=\"container\">\n\t\t<div class=\"no-position rs-sticky-default  elementor-element elementor-element-28f1b0f e-flex e-con-boxed e-con e-child\" data-id=\"28f1b0f\" data-element_type=\"container\">\n\t\t\t\t\t<div class=\"e-con-inner\">\n\t\t\t\t<div class=\"elementor-element elementor-element-cfdf5e3 elementor-widget elementor-widget-rs-service-grid\" data-id=\"cfdf5e3\" data-element_type=\"widget\" data-widget_type=\"rs-service-grid.default\">\n\t\t\t\t<div class=\"elementor-widget-container\">\n\t\t\t\r\n\t\t<div class=\"rs-addon-services style6\">\r\n\t\t\t            <div class=\"media_wrap\">\r\n                                    \r\n                        <div class=\"icon_style media-cmn normal\">\r\n\r\n                                                    <\/div>\r\n\r\n                    \r\n                                                <\/div>\r\n        <div class=\"services-inner  box\">\r\n        \r\n\r\n    <div class=\"content_part\">\r\n\r\n                    <div class=\"services-title\">\r\n                                    <h2 class=\"title\"> New York<\/h2>\r\n                            <\/div>\r\n        \r\n                    <div class=\"desc-text\">\r\n                5214F Diamond Heights Blvd, San Franceisco, USA            <\/div>\r\n        \r\n            <\/div>\r\n<\/div>\t\t<\/div>\r\n\r\n\t\t<\/div>\n\t\t\t\t<\/div>\n\t\t\t\t<div class=\"elementor-element elementor-element-3167ef3 elementor-widget elementor-widget-rs-service-grid\" data-id=\"3167ef3\" data-element_type=\"widget\" data-widget_type=\"rs-service-grid.default\">\n\t\t\t\t<div class=\"elementor-widget-container\">\n\t\t\t\r\n\t\t<div class=\"rs-addon-services style6\">\r\n\t\t\t            <div class=\"media_wrap\">\r\n                                    \r\n                        <div class=\"icon_style media-cmn normal\">\r\n\r\n                                                    <\/div>\r\n\r\n                    \r\n                                                <\/div>\r\n        <div class=\"services-inner  box\">\r\n        \r\n\r\n    <div class=\"content_part\">\r\n\r\n                    <div class=\"services-title\">\r\n                                    <h2 class=\"title\"> Call Us<\/h2>\r\n                            <\/div>\r\n        \r\n                    <div class=\"desc-text\">\r\n                <a href=\"+32 (0) 73 240 396\">+32 (0) 73 240 396<\/a><br>\n<a href=\"+32 (0) 73 240 396\">+32 (0) 73 240 396<\/a>\n            <\/div>\r\n        \r\n            <\/div>\r\n<\/div>\t\t<\/div>\r\n\r\n\t\t<\/div>\n\t\t\t\t<\/div>\n\t\t\t\t\t<\/div>\n\t\t\t\t<\/div>\n\t\t<div class=\"no-position rs-sticky-default  elementor-element elementor-element-63dfdcb e-flex e-con-boxed e-con e-child\" data-id=\"63dfdcb\" data-element_type=\"container\">\n\t\t\t\t\t<div class=\"e-con-inner\">\n\t\t\t\t<div class=\"elementor-element elementor-element-e5af463 elementor-widget elementor-widget-rs-service-grid\" data-id=\"e5af463\" data-element_type=\"widget\" data-widget_type=\"rs-service-grid.default\">\n\t\t\t\t<div class=\"elementor-widget-container\">\n\t\t\t\r\n\t\t<div class=\"rs-addon-services style6\">\r\n\t\t\t            <div class=\"media_wrap\">\r\n                                    \r\n                        <div class=\"icon_style media-cmn normal\">\r\n\r\n                                                    <\/div>\r\n\r\n                    \r\n                                                <\/div>\r\n        <div class=\"services-inner  box\">\r\n        \r\n\r\n    <div class=\"content_part\">\r\n\r\n                    <div class=\"services-title\">\r\n                                    <h2 class=\"title\"> Email Us<\/h2>\r\n                            <\/div>\r\n        \r\n                    <div class=\"desc-text\">\r\n                <a href=\"mailto:business.info@gmail.com\">business.info@gmail.com<\/a><br>\n<a href=\"support@admin.com\">support@admin.com<\/a>\n            <\/div>\r\n        \r\n            <\/div>\r\n<\/div>\t\t<\/div>\r\n\r\n\t\t<\/div>\n\t\t\t\t<\/div>\n\t\t\t\t<div class=\"elementor-element elementor-element-53235a0 elementor-widget elementor-widget-rs-service-grid\" data-id=\"53235a0\" data-element_type=\"widget\" data-widget_type=\"rs-service-grid.default\">\n\t\t\t\t<div class=\"elementor-widget-container\">\n\t\t\t\r\n\t\t<div class=\"rs-addon-services style6\">\r\n\t\t\t            <div class=\"media_wrap\">\r\n                                    \r\n                        <div class=\"icon_style media-cmn normal\">\r\n\r\n                                                    <\/div>\r\n\r\n                    \r\n                                                <\/div>\r\n        <div class=\"services-inner  box\">\r\n        \r\n\r\n    <div class=\"content_part\">\r\n\r\n                    <div class=\"services-title\">\r\n                                    <h2 class=\"title\"> Opening Hour<\/h2>\r\n                            <\/div>\r\n        \r\n                    <div class=\"desc-text\">\r\n                Mon - Tue : 09am - 07pm\nFriday : Closed\n            <\/div>\r\n        \r\n            <\/div>\r\n<\/div>\t\t<\/div>\r\n\r\n\t\t<\/div>\n\t\t\t\t<\/div>\n\t\t\t\t\t<\/div>\n\t\t\t\t<\/div>\n\t\t\t\t<\/div>\n\t\t\t\t<\/div>\n\t\t<div class=\"no-position rs-sticky-default  elementor-element elementor-element-a380faf e-con-full e-flex e-con e-child\" data-id=\"a380faf\" data-element_type=\"container\" data-settings=\"{&quot;background_background&quot;:&quot;gradient&quot;}\">\n\t\t\t\t<div class=\"elementor-element elementor-element-73ace31 elementor-widget elementor-widget-rs-heading\" data-id=\"73ace31\" data-element_type=\"widget\" data-widget_type=\"rs-heading.default\">\n\t\t\t\t<div class=\"elementor-widget-container\">\n\t\t\t\n\t\t<div class=\"prelements-heading style1   subtitle-gradient-no\">\n\t\t\t<div class=\"title-inner\">\n\t\t\t\t<h2 class=\"title rs-split-text-disable \">Make an Appointment<\/h2>\n\t\t\t<\/div>\n\t\t\t\t\t\t\t<div class=\"description\">\n\t\t\t\t\tAvailable are many majority have suffered.\t\t\t\t<\/div>\n\t\t\t\t\t<\/div>\n\t\t<\/div>\n\t\t\t\t<\/div>\n\t\t\t\t<div class=\"elementor-element elementor-element-47bdff2 elementor-widget elementor-widget-rs-cf7\" data-id=\"47bdff2\" data-element_type=\"widget\" data-widget_type=\"rs-cf7.default\">\n\t\t\t\t<div class=\"elementor-widget-container\">\n\t\t\t<p class=\"wpcf7-contact-form-not-found\"><strong>Hata:<\/strong> \u0130leti\u015fim formu bulunamad\u0131.<\/p>\t\t<\/div>\n\t\t\t\t<\/div>\n\t\t\t\t<\/div>\n\t\t\t\t\t<\/div>\n\t\t\t\t<\/div>\n\t\t<div class=\"no-position rs-sticky-default  elementor-element elementor-element-2086cd2 e-con-full e-flex e-con e-parent\" data-id=\"2086cd2\" data-element_type=\"container\">\n\t\t<div class=\"no-position rs-sticky-default  elementor-element elementor-element-6ac8391 e-con-full e-flex e-con e-child\" data-id=\"6ac8391\" data-element_type=\"container\">\n\t\t\t\t<div class=\"elementor-element elementor-element-75a7f07 elementor-widget elementor-widget-google_maps\" data-id=\"75a7f07\" data-element_type=\"widget\" data-widget_type=\"google_maps.default\">\n\t\t\t\t<div class=\"elementor-widget-container\">\n\t\t\t\t\t<div class=\"elementor-custom-embed\">\n\t\t\t<iframe loading=\"lazy\"\n\t\t\t\t\tsrc=\"https:\/\/maps.google.com\/maps?q=London%20Eye%2C%20London%2C%20United%20Kingdom&#038;t=m&#038;z=10&#038;output=embed&#038;iwloc=near\"\n\t\t\t\t\ttitle=\"London Eye, London, United Kingdom\"\n\t\t\t\t\taria-label=\"London Eye, London, United Kingdom\"\n\t\t\t><\/iframe>\n\t\t<\/div>\n\t\t\t\t<\/div>\n\t\t\t\t<\/div>\n\t\t\t\t<\/div>\n\t\t\t\t<\/div>\n\t\t\t\t<\/div>\n\t\t","protected":false},"excerpt":{"rendered":"<p>Get in touch with us! There are many variations of passages of Lorem Ipsum available, but the majority have suffered. Opening Hour Mon &#8211; Sat 10.00 &#8211; 18.00 \/ Friday &#8211; Closed New York 5214F Diamond Heights Blvd, San Franceisco, USA Call Us +32 (0) 73 240 396 +32 (0) 73 240 396 Email Us&#8230;<\/p>\n","protected":false},"author":1,"featured_media":0,"parent":0,"menu_order":0,"comment_status":"closed","ping_status":"closed","template":"elementor_header_footer","meta":{"footnotes":""},"class_list":["post-2458","page","type-page","status-publish","hentry"],"_links":{"self":[{"href":"https:\/\/www.tracubus.com\/index.php?rest_route=\/wp\/v2\/pages\/2458","targetHints":{"allow":["GET"]}}],"collection":[{"href":"https:\/\/www.tracubus.com\/index.php?rest_route=\/wp\/v2\/pages"}],"about":[{"href":"https:\/\/www.tracubus.com\/index.php?rest_route=\/wp\/v2\/types\/page"}],"author":[{"embeddable":true,"href":"https:\/\/www.tracubus.com\/index.php?rest_route=\/wp\/v2\/users\/1"}],"replies":[{"embeddable":true,"href":"https:\/\/www.tracubus.com\/index.php?rest_route=%2Fwp%2Fv2%2Fcomments&post=2458"}],"version-history":[{"count":0,"href":"https:\/\/www.tracubus.com\/index.php?rest_route=\/wp\/v2\/pages\/2458\/revisions"}],"wp:attachment":[{"href":"https:\/\/www.tracubus.com\/index.php?rest_route=%2Fwp%2Fv2%2Fmedia&parent=2458"}],"curies":[{"name":"wp","href":"https:\/\/api.w.org\/{rel}","templated":true}]}}