{"id":3405,"date":"2024-04-29T05:19:08","date_gmt":"2024-04-29T05:19:08","guid":{"rendered":"http:\/\/192.168.0.134:10036\/?page_id=3405"},"modified":"2024-04-29T05:19:08","modified_gmt":"2024-04-29T05:19:08","slug":"faq","status":"publish","type":"page","link":"https:\/\/www.tracubus.com\/?page_id=3405","title":{"rendered":"Faq"},"content":{"rendered":"\t\t<div data-elementor-type=\"wp-page\" data-elementor-id=\"3405\" class=\"elementor elementor-3405\">\n\t\t\t\t<div class=\"no-position rs-sticky-default  elementor-element elementor-element-101b3d2 e-flex e-con-boxed e-con e-parent\" data-id=\"101b3d2\" data-element_type=\"container\">\n\t\t\t\t\t<div class=\"e-con-inner\">\n\t\t\t\t<div class=\"elementor-element elementor-element-8266c83 elementor-widget__width-initial elementor-widget-tablet__width-inherit elementor-widget elementor-widget-rs-accordions-custom\" data-id=\"8266c83\" data-element_type=\"widget\" data-widget_type=\"rs-accordions-custom.default\">\n\t\t\t\t<div class=\"elementor-widget-container\">\n\t\t\t\n            <div class=\"rs-accordion-area accordion style1\" id=\"rs_accordion_inner_14782\">\n                \n                <div class=\"accordion-item\">\n                    <div class=\"accordion-header\" id=\"heading140207\">\n                        <div class=\"accordion-button collapsed\" data-bs-toggle=\"collapse\" data-bs-target=\"#collapse_140207\" aria-controls=\"collapse_140207\">\n                                                            <span class=\"elementor-accordion-icon elementor-accordion-icon-right\" aria-hidden=\"true\">\n                                                                            <span class=\"elementor-accordion-icon-closed\"><svg xmlns=\"http:\/\/www.w3.org\/2000\/svg\" width=\"17\" height=\"12\" viewBox=\"0 0 17 12\" fill=\"none\"><path d=\"M16.5303 6.53033C16.8232 6.23744 16.8232 5.76256 16.5303 5.46967L11.7574 0.696698C11.4645 0.403805 10.9896 0.403805 10.6967 0.696698C10.4038 0.989592 10.4038 1.46447 10.6967 1.75736L14.9393 6L10.6967 10.2426C10.4038 10.5355 10.4038 11.0104 10.6967 11.3033C10.9896 11.5962 11.4645 11.5962 11.7574 11.3033L16.5303 6.53033ZM6.55671e-08 6.75L16 6.75L16 5.25L-6.55671e-08 5.25L6.55671e-08 6.75Z\" fill=\"white\"><\/path><\/svg><\/span>\n                                        <span class=\"elementor-accordion-icon-opened\"><\/span>\n                                                                    <\/span>\n                                                    \n\n                                                                                        \n                                                        <div class=\"tab-title\">01. How to use bandco?<\/div>\n                            \n                            \n                        <\/div>\n                    <\/div>\n\n                                        <div id=\"collapse_140207\" class=\"accordion-collapse collapse \" aria-labelledby=\"heading140207\" data-bs-parent=\"#rs_accordion_inner_14782\">\n                        <div class=\"accordion-body\">\n                            Crafting compelling digital experiences that captivate audiences and drive meaningful connections. Our digital agency combines innovation, strategy, and expertise to fuel your online success. the other hand we denounce righteou indignation and dislike men who are so beguiled and demoralized.                                                    <\/div>\n                    <\/div>\n                                    <\/div>\n                  \n                <div class=\"accordion-item\">\n                    <div class=\"accordion-header\" id=\"heading140208\">\n                        <div class=\"accordion-button \" data-bs-toggle=\"collapse\" data-bs-target=\"#collapse_140208\" aria-controls=\"collapse_140208\">\n                                                            <span class=\"elementor-accordion-icon elementor-accordion-icon-right\" aria-hidden=\"true\">\n                                                                            <span class=\"elementor-accordion-icon-closed\"><svg xmlns=\"http:\/\/www.w3.org\/2000\/svg\" width=\"17\" height=\"12\" viewBox=\"0 0 17 12\" fill=\"none\"><path d=\"M16.5303 6.53033C16.8232 6.23744 16.8232 5.76256 16.5303 5.46967L11.7574 0.696698C11.4645 0.403805 10.9896 0.403805 10.6967 0.696698C10.4038 0.989592 10.4038 1.46447 10.6967 1.75736L14.9393 6L10.6967 10.2426C10.4038 10.5355 10.4038 11.0104 10.6967 11.3033C10.9896 11.5962 11.4645 11.5962 11.7574 11.3033L16.5303 6.53033ZM6.55671e-08 6.75L16 6.75L16 5.25L-6.55671e-08 5.25L6.55671e-08 6.75Z\" fill=\"white\"><\/path><\/svg><\/span>\n                                        <span class=\"elementor-accordion-icon-opened\"><\/span>\n                                                                    <\/span>\n                                                    \n\n                                                                                        \n                                                        <div class=\"tab-title\">02. What services does you offer?<\/div>\n                            \n                            \n                        <\/div>\n                    <\/div>\n\n                                        <div id=\"collapse_140208\" class=\"accordion-collapse collapse show\" aria-labelledby=\"heading140208\" data-bs-parent=\"#rs_accordion_inner_14782\">\n                        <div class=\"accordion-body\">\n                            <p>Crafting compelling digital experiences that captivate audiences and drive meaningful connections. Our digital agency combines innovation, strategy, and expertise to fuel your online success. the other hand we denounce righteou indignation and dislike men who are so beguiled and demoralized.<\/p>                                                    <\/div>\n                    <\/div>\n                                    <\/div>\n                  \n                <div class=\"accordion-item\">\n                    <div class=\"accordion-header\" id=\"heading140209\">\n                        <div class=\"accordion-button collapsed\" data-bs-toggle=\"collapse\" data-bs-target=\"#collapse_140209\" aria-controls=\"collapse_140209\">\n                                                            <span class=\"elementor-accordion-icon elementor-accordion-icon-right\" aria-hidden=\"true\">\n                                                                            <span class=\"elementor-accordion-icon-closed\"><svg xmlns=\"http:\/\/www.w3.org\/2000\/svg\" width=\"17\" height=\"12\" viewBox=\"0 0 17 12\" fill=\"none\"><path d=\"M16.5303 6.53033C16.8232 6.23744 16.8232 5.76256 16.5303 5.46967L11.7574 0.696698C11.4645 0.403805 10.9896 0.403805 10.6967 0.696698C10.4038 0.989592 10.4038 1.46447 10.6967 1.75736L14.9393 6L10.6967 10.2426C10.4038 10.5355 10.4038 11.0104 10.6967 11.3033C10.9896 11.5962 11.4645 11.5962 11.7574 11.3033L16.5303 6.53033ZM6.55671e-08 6.75L16 6.75L16 5.25L-6.55671e-08 5.25L6.55671e-08 6.75Z\" fill=\"white\"><\/path><\/svg><\/span>\n                                        <span class=\"elementor-accordion-icon-opened\"><\/span>\n                                                                    <\/span>\n                                                    \n\n                                                                                        \n                                                        <div class=\"tab-title\">03. How to soft launch your business?<\/div>\n                            \n                            \n                        <\/div>\n                    <\/div>\n\n                                        <div id=\"collapse_140209\" class=\"accordion-collapse collapse \" aria-labelledby=\"heading140209\" data-bs-parent=\"#rs_accordion_inner_14782\">\n                        <div class=\"accordion-body\">\n                            Crafting compelling digital experiences that captivate audiences and drive meaningful connections. Our digital agency combines innovation, strategy, and expertise to fuel your online success. the other hand we denounce righteou indignation and dislike men who are so beguiled and demoralized.                                                    <\/div>\n                    <\/div>\n                                    <\/div>\n                  \n                <div class=\"accordion-item\">\n                    <div class=\"accordion-header\" id=\"heading140210\">\n                        <div class=\"accordion-button collapsed\" data-bs-toggle=\"collapse\" data-bs-target=\"#collapse_140210\" aria-controls=\"collapse_140210\">\n                                                            <span class=\"elementor-accordion-icon elementor-accordion-icon-right\" aria-hidden=\"true\">\n                                                                            <span class=\"elementor-accordion-icon-closed\"><svg xmlns=\"http:\/\/www.w3.org\/2000\/svg\" width=\"17\" height=\"12\" viewBox=\"0 0 17 12\" fill=\"none\"><path d=\"M16.5303 6.53033C16.8232 6.23744 16.8232 5.76256 16.5303 5.46967L11.7574 0.696698C11.4645 0.403805 10.9896 0.403805 10.6967 0.696698C10.4038 0.989592 10.4038 1.46447 10.6967 1.75736L14.9393 6L10.6967 10.2426C10.4038 10.5355 10.4038 11.0104 10.6967 11.3033C10.9896 11.5962 11.4645 11.5962 11.7574 11.3033L16.5303 6.53033ZM6.55671e-08 6.75L16 6.75L16 5.25L-6.55671e-08 5.25L6.55671e-08 6.75Z\" fill=\"white\"><\/path><\/svg><\/span>\n                                        <span class=\"elementor-accordion-icon-opened\"><\/span>\n                                                                    <\/span>\n                                                    \n\n                                                                                        \n                                                        <div class=\"tab-title\">04. How to turn visitors into contributors?<\/div>\n                            \n                            \n                        <\/div>\n                    <\/div>\n\n                                        <div id=\"collapse_140210\" class=\"accordion-collapse collapse \" aria-labelledby=\"heading140210\" data-bs-parent=\"#rs_accordion_inner_14782\">\n                        <div class=\"accordion-body\">\n                            Crafting compelling digital experiences that captivate audiences and drive meaningful connections. Our digital agency combines innovation, strategy, and expertise to fuel your online success. the other hand we denounce righteou indignation and dislike men who are so beguiled and demoralized.                                                    <\/div>\n                    <\/div>\n                                    <\/div>\n                            <\/div>\n        \t\t<\/div>\n\t\t\t\t<\/div>\n\t\t\t\t<div class=\"elementor-element elementor-element-8e1ca75 elementor-widget__width-initial elementor-widget-tablet__width-inherit elementor-widget elementor-widget-image\" data-id=\"8e1ca75\" data-element_type=\"widget\" data-widget_type=\"image.default\">\n\t\t\t\t<div class=\"elementor-widget-container\">\n\t\t\t\t\t\t\t\t\t\t\t\t\t<img decoding=\"async\" src=\"https:\/\/demo.rstheme.com\/wordpress\/bandco\/wp-content\/uploads\/2024\/04\/testi-h2-img1.png\" title=\"\" alt=\"\" loading=\"lazy\" \/>\t\t\t\t\t\t\t\t\t\t\t\t\t<\/div>\n\t\t\t\t<\/div>\n\t\t\t\t\t<\/div>\n\t\t\t\t<\/div>\n\t\t<div class=\"no-position rs-sticky-default  elementor-element elementor-element-df66d4d e-flex e-con-boxed e-con e-parent\" data-id=\"df66d4d\" data-element_type=\"container\">\n\t\t\t\t\t<div class=\"e-con-inner\">\n\t\t<div class=\"no-position rs-sticky-default  elementor-element elementor-element-3b5eff5 e-con-full e-flex e-con e-child\" data-id=\"3b5eff5\" data-element_type=\"container\">\n\t\t\t\t<div class=\"elementor-element elementor-element-0385a9c elementor-widget elementor-widget-google_maps\" data-id=\"0385a9c\" data-element_type=\"widget\" data-widget_type=\"google_maps.default\">\n\t\t\t\t<div class=\"elementor-widget-container\">\n\t\t\t\t\t<div class=\"elementor-custom-embed\">\n\t\t\t<iframe loading=\"lazy\"\n\t\t\t\t\tsrc=\"https:\/\/maps.google.com\/maps?q=London%20Eye%2C%20London%2C%20United%20Kingdom&#038;t=m&#038;z=10&#038;output=embed&#038;iwloc=near\"\n\t\t\t\t\ttitle=\"London Eye, London, United Kingdom\"\n\t\t\t\t\taria-label=\"London Eye, London, United Kingdom\"\n\t\t\t><\/iframe>\n\t\t<\/div>\n\t\t\t\t<\/div>\n\t\t\t\t<\/div>\n\t\t\t\t<\/div>\n\t\t<div class=\"no-position rs-sticky-default  elementor-element elementor-element-9139a15 e-con-full e-flex e-con e-child\" data-id=\"9139a15\" data-element_type=\"container\" data-settings=\"{&quot;background_background&quot;:&quot;gradient&quot;}\">\n\t\t\t\t<div class=\"elementor-element elementor-element-53a6178 elementor-widget elementor-widget-rs-heading\" data-id=\"53a6178\" data-element_type=\"widget\" data-widget_type=\"rs-heading.default\">\n\t\t\t\t<div class=\"elementor-widget-container\">\n\t\t\t\n\t\t<div class=\"prelements-heading style1   subtitle-gradient-no\">\n\t\t\t<div class=\"title-inner\">\n\t\t\t\t<h2 class=\"title rs-split-text-disable \">Make an Appointment<\/h2>\n\t\t\t<\/div>\n\t\t\t\t\t\t\t<div class=\"description\">\n\t\t\t\t\tAvailable are many majority have suffered.\t\t\t\t<\/div>\n\t\t\t\t\t<\/div>\n\t\t<\/div>\n\t\t\t\t<\/div>\n\t\t\t\t<div class=\"elementor-element elementor-element-c3930a0 elementor-widget elementor-widget-rs-cf7\" data-id=\"c3930a0\" data-element_type=\"widget\" data-widget_type=\"rs-cf7.default\">\n\t\t\t\t<div class=\"elementor-widget-container\">\n\t\t\t<p class=\"wpcf7-contact-form-not-found\"><strong>Hata:<\/strong> \u0130leti\u015fim formu bulunamad\u0131.<\/p>\t\t<\/div>\n\t\t\t\t<\/div>\n\t\t\t\t<\/div>\n\t\t\t\t\t<\/div>\n\t\t\t\t<\/div>\n\t\t\t\t<\/div>\n\t\t","protected":false},"excerpt":{"rendered":"<p>01. How to use bandco? Crafting compelling digital experiences that captivate audiences and drive meaningful connections. Our digital agency combines innovation, strategy, and expertise to fuel your online success. the other hand we denounce righteou indignation and dislike men who are so beguiled and demoralized. 02. What services does you offer? Crafting compelling digital experiences&#8230;<\/p>\n","protected":false},"author":1,"featured_media":0,"parent":0,"menu_order":0,"comment_status":"closed","ping_status":"closed","template":"elementor_header_footer","meta":{"footnotes":""},"class_list":["post-3405","page","type-page","status-publish","hentry"],"_links":{"self":[{"href":"https:\/\/www.tracubus.com\/index.php?rest_route=\/wp\/v2\/pages\/3405","targetHints":{"allow":["GET"]}}],"collection":[{"href":"https:\/\/www.tracubus.com\/index.php?rest_route=\/wp\/v2\/pages"}],"about":[{"href":"https:\/\/www.tracubus.com\/index.php?rest_route=\/wp\/v2\/types\/page"}],"author":[{"embeddable":true,"href":"https:\/\/www.tracubus.com\/index.php?rest_route=\/wp\/v2\/users\/1"}],"replies":[{"embeddable":true,"href":"https:\/\/www.tracubus.com\/index.php?rest_route=%2Fwp%2Fv2%2Fcomments&post=3405"}],"version-history":[{"count":0,"href":"https:\/\/www.tracubus.com\/index.php?rest_route=\/wp\/v2\/pages\/3405\/revisions"}],"wp:attachment":[{"href":"https:\/\/www.tracubus.com\/index.php?rest_route=%2Fwp%2Fv2%2Fmedia&parent=3405"}],"curies":[{"name":"wp","href":"https:\/\/api.w.org\/{rel}","templated":true}]}}